{"id":941,"date":"2026-05-13T13:00:12","date_gmt":"2026-05-13T10:00:12","guid":{"rendered":"https:\/\/marmaraboyama.com.tr\/?page_id=941"},"modified":"2026-05-13T13:00:13","modified_gmt":"2026-05-13T10:00:13","slug":"basvuru-formu","status":"publish","type":"page","link":"https:\/\/marmaraboyama.com.tr\/index.php\/basvuru-formu\/","title":{"rendered":"BA\u015eVURU FORMU"},"content":{"rendered":"\n<p><strong>MARMARA BOYAMA APRE VE BASKI SANAY\u0130 ANON\u0130M \u015e\u0130RKET\u0130<\/strong><\/p>\n\n\n\n<p><strong>BA\u015eVURU FORMU<\/strong><\/p>\n\n\n\n<p>6698 Say\u0131l\u0131 Ki\u015fisel Verilerin Korunmas\u0131 Kanunu uyar\u0131nca (\u201cKVK Kanunu\u201d) veri sahibi ger\u00e7ek ki\u015filer (bundan sonra \u201cBa\u015fvuru Sahibi\u201d olarak an\u0131lacakt\u0131r), KVK Kanunu\u2019nun 11. Maddesi uyar\u0131nca ki\u015fisel verilerin i\u015flenmesine ili\u015fkin a\u015fa\u011f\u0131daki konularda bilgi edinme hakk\u0131na sahiptir.<\/p>\n\n\n\n<ul class=\"wp-block-list\">\n<li>Ki\u015fisel veri i\u015flenip i\u015flenmedi\u011fini \u00f6\u011frenme,<\/li>\n\n\n\n<li>Ki\u015fisel verileri i\u015flenmi\u015fse buna ili\u015fkin bilgi talep etme,<\/li>\n\n\n\n<li>Ki\u015fisel verilerin i\u015flenme amac\u0131n\u0131 ve bunlar\u0131n amac\u0131na uygun kullan\u0131l\u0131p kullan\u0131lmad\u0131\u011f\u0131n\u0131 \u00f6\u011frenme,<\/li>\n\n\n\n<li>Yurt i\u00e7inde veya yurt d\u0131\u015f\u0131nda ki\u015fisel verilerin aktar\u0131ld\u0131\u011f\u0131 \u00fc\u00e7\u00fcnc\u00fc ki\u015fileri bilme,<\/li>\n\n\n\n<li>Ki\u015fisel verilerin eksik veya yanl\u0131\u015f i\u015flenmi\u015f olmas\u0131 h\u00e2linde bunlar\u0131n d\u00fczeltilmesini isteme ve bu kapsamda yap\u0131lan i\u015flemin ki\u015fisel verilerin aktar\u0131ld\u0131\u011f\u0131 \u00fc\u00e7\u00fcnc\u00fc ki\u015filere bildirilmesini isteme,<\/li>\n\n\n\n<li>KVK Kanunu ve ilgili di\u011fer kanun h\u00fck\u00fcmlerine uygun olarak i\u015flenmi\u015f olmas\u0131na ra\u011fmen, i\u015flenmesini gerektiren sebeplerin ortadan kalkmas\u0131 h\u00e2linde ki\u015fisel verilerin silinmesini veya yok edilmesini isteme ve bu kapsamda yap\u0131lan i\u015flemin ki\u015fisel verilerin aktar\u0131ld\u0131\u011f\u0131 \u00fc\u00e7\u00fcnc\u00fc ki\u015filere bildirilmesini isteme,<\/li>\n\n\n\n<li>\u0130\u015flenen verilerin m\u00fcnhas\u0131ran otomatik sistemler vas\u0131tas\u0131yla analiz edilmesi suretiyle ki\u015finin kendisi aleyhine bir sonucun ortaya \u00e7\u0131kmas\u0131na itiraz etme,<\/li>\n\n\n\n<li>Ki\u015fisel verilerin kanuna ayk\u0131r\u0131 olarak i\u015flenmesi sebebiyle zarara u\u011framas\u0131 h\u00e2linde zarar\u0131n giderilmesini talep etme, haklar\u0131na sahiptir. <strong>\u00a0<\/strong><\/li>\n<\/ul>\n\n\n\n<p>KVK Kanunu\u2019nun 13\/1. Maddesi uyar\u0131nca; veri sorumlusu olan \u015firketimize bu haklara ili\u015fkin olarak yap\u0131lacak ba\u015fvurular\u0131n yaz\u0131l\u0131 olarak veya Ki\u015fisel Verilerin Korunmas\u0131 Kurulu (bundan sonra \u201cKurul\u201d olarak an\u0131lacakt\u0131r) taraf\u0131ndan belirlenen di\u011fer y\u00f6ntemlerle taraf\u0131m\u0131za iletilmesi gerekmektedir.<\/p>\n\n\n\n<p>Bu \u00e7er\u00e7evede yaz\u0131l\u0131 olarak \u015firketimize yap\u0131lacak ba\u015fvurular, i\u015fbu formun \u00e7\u0131kt\u0131s\u0131 al\u0131narak;<\/p>\n\n\n\n<ul class=\"wp-block-list\">\n<li>Ba\u015fvuru sahibinin \u015fahsen ba\u015fvurusu ile<\/li>\n\n\n\n<li>Noter vas\u0131tas\u0131yla,<\/li>\n\n\n\n<li>Ba\u015fvuru sahibince 5070 Say\u0131l\u0131 Elektronik \u0130mza Kanunu\u2019nda tan\u0131ml\u0131 olan \u201cg\u00fcvenli elektronik imza\u201d ile imzalanarak \u015firketin kay\u0131tl\u0131 elektronik posta adresine g\u00f6nderilmek suretiyle,<\/li>\n<\/ul>\n\n\n\n<p>Taraf\u0131m\u0131za iletilebilecektir.<\/p>\n\n\n\n<p>Veri sahibi ger\u00e7ek ki\u015filerin ayr\u0131ca a\u015fa\u011f\u0131daki hususlara dikkat etmesi gerekli ve \u00f6nemlidir:<\/p>\n\n\n\n<ul class=\"wp-block-list\">\n<li>Talebe ili\u015fkin bilgi ve belgelerin mutlaka ba\u015fvuruya eklenmesi gerekmektedir. Eklenmemesi halinde ba\u015fvurular de\u011ferlendirmeye al\u0131nmayacakt\u0131r.<\/li>\n\n\n\n<li>\u0130\u015f burada belirtilen adresler haricinde yaz\u0131l\u0131 yahut elektronik ortamda ba\u015fka bir adrese ba\u015fvuru yap\u0131lmas\u0131 halinde s\u00f6z konusu ba\u015fvuru i\u015fleme al\u0131nmayacakt\u0131r.<\/li>\n\n\n\n<li>Ba\u015fvuru sahibinin kimli\u011finin tespit edilmesi a\u00e7\u0131s\u0131ndan; yaz\u0131l\u0131 ba\u015fvurular ancak noter kanal\u0131 ile Vak\u0131flar OSB Mah. Sanayi Cad. No: 17\/1 Ergene\/Tekirda\u011f adresine g\u00f6nderim yahut ba\u015fvuru sahibinin kimli\u011fini bizzat ibraz etmesi suretiyle kabul edilecek ve kimlik tespiti yap\u0131lamayan ba\u015fvurular de\u011ferlendirmeye al\u0131nmayacakt\u0131r.<\/li>\n<\/ul>\n\n\n\n<p>Kurul taraf\u0131ndan ba\u015fvuru konusunda ba\u015fka y\u00f6ntemler belirlenir ise \u015eirketimiz s\u00f6z konusu y\u00f6ntemler uyar\u0131nca ba\u015fvuru \u015feklini de\u011fi\u015ftirme yahut yeni ba\u015fvuru yollar\u0131 ekleme hakk\u0131n\u0131 sakl\u0131 tutar. S\u00f6z konusu de\u011fi\u015fiklik ve\/veya eklemelerin \u015eirketimizce duyurusu ayr\u0131ca yap\u0131l\u0131r.<\/p>\n\n\n\n<p>Kanun\u2019un 13.&nbsp; maddesi uyar\u0131nca veri sorumlusu olarak \u015eirketimiz ba\u015fvuruda yer alan talepleri, talebin niteli\u011fine g\u00f6re en k\u0131sa s\u00fcrede ve en ge\u00e7 otuz g\u00fcn i\u00e7inde \u00fccretsiz olarak sonu\u00e7land\u0131r\u0131r ve yan\u0131t\u0131 ba\u015fvuru sahibinin e-mail adresine veya fiziki adresine (kendi tercihine ba\u011fl\u0131 olarak) iletir.<\/p>\n\n\n\n<p>Ancak, i\u015flemin ayr\u0131ca bir maliyeti gerektirmesi h\u00e2linde, Kurulca belirlenen tarifedeki \u00fccret veri sahibi ba\u015fvuru yapan ki\u015fiden al\u0131nabilir.<\/p>\n\n\n\n<p>\u015eirket olarak veri sahibi ger\u00e7ek ki\u015finin ba\u015fvuru talebini kabul edebilece\u011fimiz gibi gerek\u00e7esini a\u00e7\u0131klayarak reddetme hakk\u0131na sahip bulunmaktay\u0131z.<\/p>\n\n\n\n<p>Ba\u015fvurular\u0131n de\u011ferlendirilmesi a\u015famas\u0131nda \u015eirketimiz ki\u015fisel verilerinizin g\u00fcvenli\u011finin sa\u011flanmas\u0131 ve yetkisiz ba\u015fvurular ile ilgili olas\u0131 hukuki riskleri bertaraf etmek ad\u0131na ba\u015fvuru sahibinden ek evrak, kimlik ve bilgi \/ belge talebinde bulunma hakk\u0131n\u0131 sakl\u0131 tutmaktad\u0131r.<\/p>\n\n\n\n<p>Taraf\u0131m\u0131za iletilmi\u015f olan ba\u015fvurular\u0131n\u0131z KVK Kanunu\u2019nun 13\/2. Maddesi gere\u011fince, talebin niteli\u011fine g\u00f6re talebinizin bizlere ula\u015ft\u0131\u011f\u0131 tarihten itibaren otuz g\u00fcn i\u00e7inde yan\u0131tland\u0131r\u0131lacakt\u0131r. Yan\u0131tlar\u0131m\u0131z ilgili KVK Kanunu madde 13 h\u00fckm\u00fc gere\u011fince yaz\u0131l\u0131 veya elektronik ortamdan taraf\u0131n\u0131za ula\u015ft\u0131r\u0131lacakt\u0131r.<\/p>\n\n\n\n<ol style=\"list-style-type:upper-alpha\" class=\"wp-block-list\">\n<li><strong>Ba\u015fvuru Sahibinin \u0130leti\u015fim Bilgileri<\/strong><\/li>\n<\/ol>\n\n\n\n<figure class=\"wp-block-table\"><table class=\"has-fixed-layout\"><tbody><tr><td><strong>\u0130S\u0130M<\/strong><\/td><td>&nbsp;<\/td><\/tr><tr><td><strong>SOY \u0130S\u0130M<\/strong><\/td><td>&nbsp;<\/td><\/tr><tr><td><strong>TC K\u0130ML\u0130K NUMARASI<\/strong><\/td><td>&nbsp;<\/td><\/tr><tr><td><strong>TELEFON NUMARASI<\/strong><\/td><td>&nbsp;<\/td><\/tr><tr><td><strong>E-POSTA<\/strong><\/td><td>&nbsp;<\/td><\/tr><tr><td><strong>ADRES<br><br><br><br><\/strong><\/td><td>&nbsp;<\/td><\/tr><\/tbody><\/table><\/figure>\n\n\n\n<ul class=\"wp-block-list\">\n<li><strong>L\u00fctfen \u015eirketimiz ile olan ili\u015fkinizi belirtiniz. <\/strong><em>(M\u00fc\u015fteri, i\u015f orta\u011f\u0131, \u00e7al\u0131\u015fan aday\u0131, eski \u00e7al\u0131\u015fan, \u00fc\u00e7\u00fcnc\u00fc taraf firma \u00e7al\u0131\u015fan\u0131, hissedar gibi)<\/em><\/li>\n<\/ul>\n\n\n\n<figure class=\"wp-block-table\"><table class=\"has-fixed-layout\"><tbody><tr><td>&nbsp; M\u00fc\u015fteri &nbsp; Ziyaret\u00e7i &nbsp; Eski \u00e7al\u0131\u015fan\u0131m<br><br>\u00c7al\u0131\u015ft\u0131\u011f\u0131m Y\u0131llar: \u2026\u2026\u2026\u2026\u2026\u2026&#8230; &nbsp; Di\u011fer&nbsp; :&nbsp; &nbsp;&nbsp;&nbsp; \u2026\u2026\u2026\u2026\u2026\u2026\u2026\u2026\u2026\u2026\u2026\u2026..\u2026\u2026\u2026\u2026\u2026.<br><br><br><\/td><td>&nbsp; \u0130\u015f Orta\u011f\u0131 &nbsp; \u0130\u015f Ba\u015fvurusu\/\u00d6zge\u00e7mi\u015f Payla\u015f\u0131m\u0131 yapt\u0131m. &nbsp;<br>Tarih:&nbsp; \u2026\u2026\u2026\u2026\u2026\u2026\u2026\u2026\u2026\u2026. &nbsp; \u00dc\u00e7\u00fcnc\u00fc Ki\u015fi Firma \u00c7al\u0131\u015fan\u0131y\u0131m &nbsp; \u00c7al\u0131\u015ft\u0131\u011f\u0131n\u0131z firma ve pozisyon bilgisi: \u2026\u2026\u2026\u2026\u2026\u2026\u2026\u2026\u2026\u2026\u2026<br><br><\/td><\/tr><tr><td colspan=\"2\">&nbsp; \u015eirketimiz i\u00e7erisinde ileti\u015fimde oldu\u011funuz birim: \u2026\u2026\u2026\u2026\u2026\u2026\u2026\u2026\u2026\u2026\u2026\u2026\u2026\u2026\u2026\u2026\u2026\u2026\u2026\u2026\u2026\u2026\u2026\u2026\u2026\u2026\u2026\u2026\u2026\u2026\u2026\u2026.. &nbsp; Konu:&nbsp;&nbsp; \u2026\u2026\u2026\u2026\u2026\u2026\u2026\u2026\u2026\u2026\u2026\u2026\u2026\u2026\u2026\u2026\u2026\u2026\u2026\u2026\u2026\u2026\u2026\u2026\u2026\u2026\u2026\u2026\u2026\u2026\u2026\u2026\u2026.\u2026\u2026\u2026\u2026\u2026<\/td><\/tr><\/tbody><\/table><\/figure>\n\n\n\n<ul class=\"wp-block-list\">\n<li>L\u00fctfen KVK Kanunu kapsam\u0131ndaki talebinizi detayl\u0131 olarak belirtiniz.<\/li>\n<\/ul>\n\n\n\n<ul class=\"wp-block-list\">\n<li>L\u00fctfen ba\u015fvurunuza verece\u011fimiz yan\u0131t\u0131n taraf\u0131n\u0131za bildirilme y\u00f6ntemini se\u00e7iniz:<\/li>\n<\/ul>\n\n\n\n<ul class=\"wp-block-list\">\n<li>Adresime g\u00f6nderilmesini istiyorum.<\/li>\n\n\n\n<li>E-posta adresime g\u00f6nderilmesini istiyorum.<\/li>\n<\/ul>\n\n\n\n<p><em>(E-posta y\u00f6ntemini se\u00e7meniz halinde size daha h\u0131zl\u0131 yan\u0131t verebilece\u011fiz.)<\/em><\/p>\n\n\n\n<ul class=\"wp-block-list\">\n<li>Elden teslim almak istiyorum.<\/li>\n<\/ul>\n\n\n\n<p><em>(Vek\u00e2leten teslim al\u0131nmas\u0131 durumunda noter tasdikli vek\u00e2letname veya yetki belgesi olmas\u0131 gerekmektedir.)<\/em><\/p>\n\n\n\n<p>\u0130\u015fbu ba\u015fvuru formu, \u015firketimiz ile olan ili\u015fkinizi tespit ederek varsa, \u015firketimiz taraf\u0131ndan i\u015flenen ki\u015fisel verilerinizi eksiksiz olarak belirleyerek, ilgili ba\u015fvurunuza do\u011fru ve kanuni s\u00fcresinde cevap verilebilmesi i\u00e7in tanzim edilmi\u015ftir. Hukuka ayk\u0131r\u0131 ve haks\u0131z bir \u015fekilde veri payla\u015f\u0131m\u0131ndan kaynaklanabilecek hukuki risklerin bertaraf edilmesi ve \u00f6zellikle ki\u015fisel verilerinizin g\u00fcvenli\u011finin sa\u011flanmas\u0131 amac\u0131yla, kimlik ve yetki tespiti i\u00e7in \u015firketimiz ek evrak ve malumat (n\u00fcfus c\u00fczdan\u0131, s\u00fcr\u00fcc\u00fc belgesi sureti vs.) talep etme hakk\u0131n\u0131 sakl\u0131 tutar. Form kapsam\u0131nda iletmekte oldu\u011funuz taleplerinize ili\u015fkin bilgilerin do\u011fru ve g\u00fcncel olmamas\u0131 ya da yetkisiz bir ba\u015fvuru yap\u0131lmas\u0131 halinde \u015firketimiz, s\u00f6z konusu yanl\u0131\u015f bilgi ya da yetkisiz ba\u015fvuru kaynakl\u0131 taleplerden dolay\u0131 mesuliyet kabul etmemektedir.<\/p>\n\n\n\n<p><strong>Ba\u015fvuru Sahibi (Ki\u015fisel Veri Sahibi)<\/strong><\/p>\n\n\n\n<p><strong>Ad\u0131 Soyad\u0131&nbsp;&nbsp;&nbsp;&nbsp;&nbsp;&nbsp;&nbsp;&nbsp;&nbsp;&nbsp;&nbsp;&nbsp;&nbsp;&nbsp;&nbsp;&nbsp;&nbsp;&nbsp;&nbsp;&nbsp; :<\/strong><\/p>\n\n\n\n<p><strong>Ba\u015fvuru Tarihi&nbsp;&nbsp;&nbsp;&nbsp;&nbsp;&nbsp;&nbsp;&nbsp;&nbsp;&nbsp;&nbsp;&nbsp;&nbsp; :<\/strong><\/p>\n\n\n\n<p><strong>\u0130mza&nbsp;&nbsp;&nbsp;&nbsp;&nbsp;&nbsp;&nbsp;&nbsp;&nbsp;&nbsp;&nbsp;&nbsp;&nbsp;&nbsp;&nbsp;&nbsp;&nbsp;&nbsp;&nbsp;&nbsp;&nbsp;&nbsp;&nbsp;&nbsp;&nbsp;&nbsp;&nbsp;&nbsp;&nbsp;&nbsp;&nbsp;&nbsp; :<\/strong><\/p>\n\n\n\n<p><\/p>\n","protected":false},"excerpt":{"rendered":"<p>MARMARA BOYAMA APRE VE BASKI SANAY\u0130 ANON\u0130M \u015e\u0130RKET\u0130 BA\u015eVURU FORMU 6698 Say\u0131l\u0131 Ki\u015fisel Verilerin Korunmas\u0131 Kanunu uyar\u0131nca (\u201cKVK Kanunu\u201d) veri sahibi ger\u00e7ek ki\u015filer (bundan sonra \u201cBa\u015fvuru Sahibi\u201d olarak an\u0131lacakt\u0131r), KVK Kanunu\u2019nun 11. Maddesi uyar\u0131nca ki\u015fisel verilerin i\u015flenmesine ili\u015fkin a\u015fa\u011f\u0131daki konularda bilgi edinme hakk\u0131na sahiptir. KVK Kanunu\u2019nun 13\/1. Maddesi uyar\u0131nca; veri &hellip;<\/p>\n","protected":false},"author":1,"featured_media":0,"parent":0,"menu_order":0,"comment_status":"closed","ping_status":"closed","template":"","meta":{"footnotes":""},"class_list":["post-941","page","type-page","status-publish","hentry"],"_links":{"self":[{"href":"https:\/\/marmaraboyama.com.tr\/index.php\/wp-json\/wp\/v2\/pages\/941","targetHints":{"allow":["GET"]}}],"collection":[{"href":"https:\/\/marmaraboyama.com.tr\/index.php\/wp-json\/wp\/v2\/pages"}],"about":[{"href":"https:\/\/marmaraboyama.com.tr\/index.php\/wp-json\/wp\/v2\/types\/page"}],"author":[{"embeddable":true,"href":"https:\/\/marmaraboyama.com.tr\/index.php\/wp-json\/wp\/v2\/users\/1"}],"replies":[{"embeddable":true,"href":"https:\/\/marmaraboyama.com.tr\/index.php\/wp-json\/wp\/v2\/comments?post=941"}],"version-history":[{"count":1,"href":"https:\/\/marmaraboyama.com.tr\/index.php\/wp-json\/wp\/v2\/pages\/941\/revisions"}],"predecessor-version":[{"id":942,"href":"https:\/\/marmaraboyama.com.tr\/index.php\/wp-json\/wp\/v2\/pages\/941\/revisions\/942"}],"wp:attachment":[{"href":"https:\/\/marmaraboyama.com.tr\/index.php\/wp-json\/wp\/v2\/media?parent=941"}],"curies":[{"name":"wp","href":"https:\/\/api.w.org\/{rel}","templated":true}]}}